{"id":1597,"date":"2026-04-17T22:30:48","date_gmt":"2026-04-17T19:30:48","guid":{"rendered":"https:\/\/powertrainparts.fi\/?post_type=product&#038;p=1597"},"modified":"2026-04-18T08:52:46","modified_gmt":"2026-04-18T05:52:46","slug":"atf-dexron-iii-mercon-mag1-1-quart","status":"publish","type":"product","link":"https:\/\/powertrainparts.fi\/?product=atf-dexron-iii-mercon-mag1-1-quart","title":{"rendered":"Automaattivaihteisto\u00f6ljy MAG 1\u00ae Automatic Transmission DEXRON III\/MERCON\u00ae, 1 quart"},"content":{"rendered":"<h4><span style=\"color: #000000;\">Huippulaatuinen DEXRON III\/MERCON automaattivaihteisto\u00f6ljy.<\/span><\/h4>\n<p><span style=\"color: #000000;\">T\u00e4ytt\u00e4\u00e4\/ylitt\u00e4\u00e4 my\u00f6s laatuluokitukset DEXRON\u00ae II or IIE,\u00a0 Type A .<\/span><\/p>\n<p><span style=\"color: #000000;\">Pakkauskoko 1 quart = 0,946 l.<\/span><\/p>\n<h4 class=\"product-detail__table-title\"><span style=\"color: #000000;\">Industry\/OEM Specifications<\/span><\/h4>\n<table>\n<tbody>\n<tr>\n<td><span style=\"color: #000000;\">Allison C-4<\/span><\/td>\n<td><span style=\"color: #000000;\">Meets Requirements<\/span><\/td>\n<\/tr>\n<tr>\n<td><span style=\"color: #000000;\">Dexron III G\/H, Dexron II, Dexron, AW1<\/span><\/td>\n<td><span style=\"color: #000000;\">Meets Requirements<\/span><\/td>\n<\/tr>\n<tr>\n<td><span style=\"color: #000000;\">Mercon, Ford ESP-M2C166-H<\/span><\/td>\n<td><span style=\"color: #000000;\">Meets Requirements<\/span><\/td>\n<\/tr>\n<\/tbody>\n<\/table>\n<p><span style=\"color: #000000;\">Ei suositella kohteisiin, joissa laatuvaatimuksena on Ford Type F, MERCON\u00ae V, GM Dexron\u00ae VI. Ei suositella k\u00e4ytett\u00e4v\u00e4ksi General Motors autoissa\u00a0 mallivuoden 2005 j\u00e4lkeen, sek\u00e4 Ford\u00ae mallivuoden 2006 j\u00e4lkeen.<\/span><\/p>\n<p><span style=\"color: #000000;\">Linkki valmistajan tuotesivulle: <\/span><span style=\"color: #ff0000;\"><a style=\"color: #ff0000;\" href=\"https:\/\/mag1.com\/products\/51\/pds\/\">ATF DEXRON III\/MERCON\u00ae MAG1<\/a><\/span><\/p>\n","protected":false},"excerpt":{"rendered":"<p><span style=\"color: #000000;\">ATF DEXRON III\/MERCON\u00ae MAG1<\/span><\/p>\n","protected":false},"featured_media":1598,"comment_status":"open","ping_status":"closed","template":"","meta":[],"product_brand":[96],"product_cat":[92],"product_tag":[],"class_list":{"0":"post-1597","1":"product","2":"type-product","3":"status-publish","4":"has-post-thumbnail","6":"product_brand-mag1","7":"product_cat-oljyt","9":"first","10":"instock","11":"taxable","12":"shipping-taxable","13":"purchasable","14":"product-type-simple"},"_links":{"self":[{"href":"https:\/\/powertrainparts.fi\/index.php?rest_route=\/wp\/v2\/product\/1597","targetHints":{"allow":["GET"]}}],"collection":[{"href":"https:\/\/powertrainparts.fi\/index.php?rest_route=\/wp\/v2\/product"}],"about":[{"href":"https:\/\/powertrainparts.fi\/index.php?rest_route=\/wp\/v2\/types\/product"}],"replies":[{"embeddable":true,"href":"https:\/\/powertrainparts.fi\/index.php?rest_route=%2Fwp%2Fv2%2Fcomments&post=1597"}],"wp:featuredmedia":[{"embeddable":true,"href":"https:\/\/powertrainparts.fi\/index.php?rest_route=\/wp\/v2\/media\/1598"}],"wp:attachment":[{"href":"https:\/\/powertrainparts.fi\/index.php?rest_route=%2Fwp%2Fv2%2Fmedia&parent=1597"}],"wp:term":[{"taxonomy":"product_brand","embeddable":true,"href":"https:\/\/powertrainparts.fi\/index.php?rest_route=%2Fwp%2Fv2%2Fproduct_brand&post=1597"},{"taxonomy":"product_cat","embeddable":true,"href":"https:\/\/powertrainparts.fi\/index.php?rest_route=%2Fwp%2Fv2%2Fproduct_cat&post=1597"},{"taxonomy":"product_tag","embeddable":true,"href":"https:\/\/powertrainparts.fi\/index.php?rest_route=%2Fwp%2Fv2%2Fproduct_tag&post=1597"}],"curies":[{"name":"wp","href":"https:\/\/api.w.org\/{rel}","templated":true}]}}